{"id":135,"date":"2025-01-20T10:42:49","date_gmt":"2025-01-20T10:42:49","guid":{"rendered":"https:\/\/www.healnv.com\/es\/?page_id=135"},"modified":"2025-06-30T18:59:43","modified_gmt":"2025-06-30T18:59:43","slug":"educadores","status":"publish","type":"page","link":"https:\/\/www.healnv.com\/es\/educadores\/","title":{"rendered":"Educadores"},"content":{"rendered":"<p><img loading=\"lazy\" decoding=\"async\" class=\"alignleft wp-image-163 \" src=\"https:\/\/www.healnv.com\/es\/wp-content\/uploads\/sites\/2\/2025\/04\/Educator-Spanish-1-300x300.png\" alt=\"\" width=\"413\" height=\"413\" srcset=\"https:\/\/www.healnv.com\/es\/wp-content\/uploads\/sites\/2\/2025\/04\/Educator-Spanish-1-300x300.png 300w, https:\/\/www.healnv.com\/es\/wp-content\/uploads\/sites\/2\/2025\/04\/Educator-Spanish-1-1024x1024.png 1024w, https:\/\/www.healnv.com\/es\/wp-content\/uploads\/sites\/2\/2025\/04\/Educator-Spanish-1-150x150.png 150w, https:\/\/www.healnv.com\/es\/wp-content\/uploads\/sites\/2\/2025\/04\/Educator-Spanish-1-768x768.png 768w, https:\/\/www.healnv.com\/es\/wp-content\/uploads\/sites\/2\/2025\/04\/Educator-Spanish-1-175x175.png 175w, https:\/\/www.healnv.com\/es\/wp-content\/uploads\/sites\/2\/2025\/04\/Educator-Spanish-1.png 1080w\" sizes=\"auto, (max-width: 413px) 100vw, 413px\" \/><\/p>\n<h4>Acerca de NV 5210 y c\u00f3mo participar.<\/h4>\n<p>Como educadores, ya sea en un ambiente de cuidado y educaci\u00f3n infantil o en escuelas K-12, ustedes tienen una parte crucial en el fomento de h\u00e1bitos saludables entre los estudiantes. Usted ayuda a dar forma a los comportamientos que contribuyen a una buena salud, y las escuelas son ambientes donde los h\u00e1bitos saludables pueden integrarse en la vida diaria de los estudiantes.<\/p>\n<p>El conocimiento de estos pasos sencillos puede tener un gran impacto en la vida de los estudiantes. Ayude a compartir el mensaje sobre NV 5-2-1-0 y mostrar el p\u00f3ster de 4 pasos en su sal\u00f3n de clases o en lugares comunes de reuni\u00f3n de estudiantes, como la oficina principal, la biblioteca o la cafeter\u00eda. Al establecer comportamientos saludables como la norma, proporcionar acceso a comidas nutritivas y aprovechar la influencia positiva de los compa\u00f1eros, los educadores como usted pueden fomentar una cultura de bienestar y empoderar a los estudiantes de todas las edades para que lleven vidas saludables y satisfactorias. Para obtener m\u00e1s informaci\u00f3n, rellene el formulario de contacto.<\/p>\n<p>&nbsp;<\/p>\n<h4>Recursos Para el Sal\u00f3n de Clases<\/h4>\n<p>Adem\u00e1s de colocar el p\u00f3ster NV 5-2-1-0 en un lugar visible en su sal\u00f3n de clases, tambi\u00e9n puede imprimir la hoja de juego de Northern Nevada Public Health (NNPH) para jugar con sus estudiantes y distribuir la Justificaci\u00f3n Cient\u00edfica del NV 5-2-1-0.<\/p>\n<div id=\"attachment_189\" style=\"width: 240px\" class=\"wp-caption alignleft\"><a href=\"https:\/\/www.healnv.com\/es\/wp-content\/uploads\/sites\/2\/2025\/06\/25HEAL003_5210-Poster-Spanish_FINAL.pdf\" target=\"_blank\" rel=\"noopener\"><img loading=\"lazy\" decoding=\"async\" aria-describedby=\"caption-attachment-189\" class=\"wp-image-189 size-medium\" src=\"https:\/\/www.healnv.com\/es\/wp-content\/uploads\/sites\/2\/2025\/06\/5210-Poster-Cover-Spanish-230x300.png\" alt=\"\" width=\"230\" height=\"300\" srcset=\"https:\/\/www.healnv.com\/es\/wp-content\/uploads\/sites\/2\/2025\/06\/5210-Poster-Cover-Spanish-230x300.png 230w, https:\/\/www.healnv.com\/es\/wp-content\/uploads\/sites\/2\/2025\/06\/5210-Poster-Cover-Spanish-175x229.png 175w, https:\/\/www.healnv.com\/es\/wp-content\/uploads\/sites\/2\/2025\/06\/5210-Poster-Cover-Spanish.png 450w\" sizes=\"auto, (max-width: 230px) 100vw, 230px\" \/><\/a><p id=\"caption-attachment-189\" class=\"wp-caption-text\">NV 5210 Poster<\/p><\/div>\n<div id=\"attachment_158\" style=\"width: 230px\" class=\"wp-caption alignleft\"><a href=\"https:\/\/www.healnv.com\/es\/wp-content\/uploads\/sites\/2\/2025\/04\/NNPH-Game-Sheet.png\" target=\"_blank\" rel=\"noopener\"><img loading=\"lazy\" decoding=\"async\" aria-describedby=\"caption-attachment-158\" class=\"wp-image-158 size-medium\" src=\"https:\/\/www.healnv.com\/es\/wp-content\/uploads\/sites\/2\/2025\/04\/NNPH-Game-Sheet-220x300.png\" alt=\"\" width=\"220\" height=\"300\" srcset=\"https:\/\/www.healnv.com\/es\/wp-content\/uploads\/sites\/2\/2025\/04\/NNPH-Game-Sheet-220x300.png 220w, https:\/\/www.healnv.com\/es\/wp-content\/uploads\/sites\/2\/2025\/04\/NNPH-Game-Sheet-751x1024.png 751w, https:\/\/www.healnv.com\/es\/wp-content\/uploads\/sites\/2\/2025\/04\/NNPH-Game-Sheet-768x1048.png 768w, https:\/\/www.healnv.com\/es\/wp-content\/uploads\/sites\/2\/2025\/04\/NNPH-Game-Sheet-175x239.png 175w, https:\/\/www.healnv.com\/es\/wp-content\/uploads\/sites\/2\/2025\/04\/NNPH-Game-Sheet.png 794w\" sizes=\"auto, (max-width: 220px) 100vw, 220px\" \/><\/a><p id=\"caption-attachment-158\" class=\"wp-caption-text\">NNPH Game Sheet<\/p><\/div>\n<div id=\"attachment_188\" style=\"width: 239px\" class=\"wp-caption alignleft\"><a href=\"https:\/\/www.healnv.com\/es\/wp-content\/uploads\/sites\/2\/2025\/06\/25HEAL003_Scientific-Rationale-Spanish_FINAL.pdf\" target=\"_blank\" rel=\"noopener\"><img loading=\"lazy\" decoding=\"async\" aria-describedby=\"caption-attachment-188\" class=\"wp-image-188 size-medium\" src=\"https:\/\/www.healnv.com\/es\/wp-content\/uploads\/sites\/2\/2025\/06\/Scientific-Rationale-Cover-Spanish-229x300.png\" alt=\"\" width=\"229\" height=\"300\" srcset=\"https:\/\/www.healnv.com\/es\/wp-content\/uploads\/sites\/2\/2025\/06\/Scientific-Rationale-Cover-Spanish-229x300.png 229w, https:\/\/www.healnv.com\/es\/wp-content\/uploads\/sites\/2\/2025\/06\/Scientific-Rationale-Cover-Spanish-175x229.png 175w, https:\/\/www.healnv.com\/es\/wp-content\/uploads\/sites\/2\/2025\/06\/Scientific-Rationale-Cover-Spanish.png 672w\" sizes=\"auto, (max-width: 229px) 100vw, 229px\" \/><\/a><p id=\"caption-attachment-188\" class=\"wp-caption-text\">NV 5210 Scientific Rationale<\/p><\/div>\n<div id=\"attachment_183\" style=\"width: 242px\" class=\"wp-caption alignleft\"><a href=\"https:\/\/www.healnv.com\/es\/wp-content\/uploads\/sites\/2\/2025\/06\/5210_Activity_Sheets_Spanish.pdf\" target=\"_blank\" rel=\"noopener\"><img loading=\"lazy\" decoding=\"async\" aria-describedby=\"caption-attachment-183\" class=\"wp-image-183 size-medium\" src=\"https:\/\/www.healnv.com\/es\/wp-content\/uploads\/sites\/2\/2025\/06\/5210_5-Activity-Page_Spanish-232x300.png\" alt=\"\" width=\"232\" height=\"300\" srcset=\"https:\/\/www.healnv.com\/es\/wp-content\/uploads\/sites\/2\/2025\/06\/5210_5-Activity-Page_Spanish-232x300.png 232w, https:\/\/www.healnv.com\/es\/wp-content\/uploads\/sites\/2\/2025\/06\/5210_5-Activity-Page_Spanish-791x1024.png 791w, https:\/\/www.healnv.com\/es\/wp-content\/uploads\/sites\/2\/2025\/06\/5210_5-Activity-Page_Spanish-768x994.png 768w, https:\/\/www.healnv.com\/es\/wp-content\/uploads\/sites\/2\/2025\/06\/5210_5-Activity-Page_Spanish-1187x1536.png 1187w, https:\/\/www.healnv.com\/es\/wp-content\/uploads\/sites\/2\/2025\/06\/5210_5-Activity-Page_Spanish-175x227.png 175w, https:\/\/www.healnv.com\/es\/wp-content\/uploads\/sites\/2\/2025\/06\/5210_5-Activity-Page_Spanish.png 1545w\" sizes=\"auto, (max-width: 232px) 100vw, 232px\" \/><\/a><p id=\"caption-attachment-183\" class=\"wp-caption-text\">Activity Worksheets<\/p><\/div>\n<h4><strong>Rescursos de MaineHealth<\/strong><\/h4>\n<ul>\n<li><a href=\"https:\/\/assets.mainehealth.io\/s3fs-public\/imported_images\/LetsGo-Program-Guide-SCH.pdf\" target=\"_blank\" rel=\"noopener\">MaineHealth Schools &amp; School Districts Program Guide<\/a><\/li>\n<li><a href=\"https:\/\/assets.mainehealth.io\/s3fs-public\/imported_images\/Goals-Template-SCH.pdf\" target=\"_blank\" rel=\"noopener\">MaineHealth School Goals Template<\/a><\/li>\n<li><a href=\"https:\/\/assets.mainehealth.io\/s3fs-public\/imported_images\/Why-Limit-Unhealthy-Food.pdf\" target=\"_blank\" rel=\"noopener\">MaineHealth Limit or Eliminate Unhealthy Foods; Provide Healthy Choices<\/a><\/li>\n<li><a href=\"https:\/\/assets.mainehealth.io\/s3fs-public\/imported_images\/Why-Limit-Unhealthy-Food.pdf\" target=\"_blank\" rel=\"noopener\">MaineHealth Limit Recreational Screen Time<\/a><\/li>\n<li><a href=\"https:\/\/assets.mainehealth.io\/s3fs-public\/imported_images\/Why-Provide-Physical-Activity-Every-Day.pdf\" target=\"_blank\" rel=\"noopener\">MaineHealth Provide Opportunities for Physical Activity<\/a><\/li>\n<li><a href=\"https:\/\/assets.mainehealth.io\/s3fs-public\/imported_images\/Why-Limit-Eliminate-Sugary-Drinks.pdf\" target=\"_blank\" rel=\"noopener\">MaineHealth Limit or Eliminate Sugary Drinks; Provide Water<\/a><\/li>\n<\/ul>\n<p><a class=\"button\" href=\"https:\/\/www.mainehealth.org\/lets-go\" target=\"_blank\" rel=\"noopener\">Visite a MaineHealth<\/a><\/p>\n<h4>Vea lo que est\u00e1n haciendo otros estados<\/h4>\n<p><a class=\"button\" href=\"https:\/\/www.uchealth.org\/services\/community-health\/healthy-kids\/5210-school-challenge\/\" target=\"_blank\" rel=\"noopener\">Colorado<\/a> <a class=\"button\" href=\"https:\/\/www.iowahealthieststate.com\/5210-resources\" target=\"_blank\" rel=\"noopener\">Iowa<\/a> <a class=\"button\" href=\"https:\/\/5210.psu.edu\/\" target=\"_blank\" rel=\"noopener\">Pennsylvania<\/a> <a class=\"button\" href=\"https:\/\/www.healthycabarrus.org\/priorities\/2016-priority-needs\/childhood-obesity\/healthy-together-5210\" target=\"_blank\" rel=\"noopener\">North Carolina<\/a> <a class=\"button\" href=\"https:\/\/scsnaped.sc.edu\/implementation-projects\/5210-south-carolina\/\" target=\"_blank\" rel=\"noopener\">South Carolina<\/a><\/p>\n","protected":false},"excerpt":{"rendered":"<p>Acerca de NV 5210 y c\u00f3mo participar. Como educadores, ya sea en un ambiente de cuidado y educaci\u00f3n infantil o en escuelas K-12, ustedes tienen una parte crucial en el fomento de h\u00e1bitos saludables entre los estudiantes. Usted ayuda a dar forma a los comportamientos que contribuyen a una buena salud, y las escuelas son [&hellip;]<\/p>\n","protected":false},"author":1,"featured_media":136,"parent":0,"menu_order":0,"comment_status":"closed","ping_status":"closed","template":"","meta":{"_acf_changed":false,"footnotes":""},"class_list":["post-135","page","type-page","status-publish","has-post-thumbnail","hentry"],"acf":[],"yoast_head":"<!-- This site is optimized with the Yoast SEO plugin v27.0 - https:\/\/yoast.com\/product\/yoast-seo-wordpress\/ -->\n<title>Educadores - HEAL 5210 - ES<\/title>\n<meta name=\"robots\" content=\"index, follow, max-snippet:-1, max-image-preview:large, max-video-preview:-1\" \/>\n<link rel=\"canonical\" href=\"https:\/\/www.healnv.com\/es\/educadores\/\" \/>\n<meta property=\"og:locale\" content=\"es_ES\" \/>\n<meta property=\"og:type\" content=\"article\" \/>\n<meta property=\"og:title\" content=\"Educadores - HEAL 5210 - ES\" \/>\n<meta property=\"og:description\" content=\"Acerca de NV 5210 y c\u00f3mo participar. Como educadores, ya sea en un ambiente de cuidado y educaci\u00f3n infantil o en escuelas K-12, ustedes tienen una parte crucial en el fomento de h\u00e1bitos saludables entre los estudiantes. Usted ayuda a dar forma a los comportamientos que contribuyen a una buena salud, y las escuelas son [&hellip;]\" \/>\n<meta property=\"og:url\" content=\"https:\/\/www.healnv.com\/es\/educadores\/\" \/>\n<meta property=\"og:site_name\" content=\"HEAL 5210 - ES\" \/>\n<meta property=\"article:modified_time\" content=\"2025-06-30T18:59:43+00:00\" \/>\n<meta property=\"og:image\" content=\"https:\/\/www.healnv.com\/es\/wp-content\/uploads\/sites\/2\/2025\/01\/Copy-of-5210-Program-Grid-11-390x300-1.png\" \/>\n\t<meta property=\"og:image:width\" content=\"390\" \/>\n\t<meta property=\"og:image:height\" content=\"300\" \/>\n\t<meta property=\"og:image:type\" content=\"image\/png\" \/>\n<meta name=\"twitter:card\" content=\"summary_large_image\" \/>\n<meta name=\"twitter:label1\" content=\"Tiempo de lectura\" \/>\n\t<meta name=\"twitter:data1\" content=\"3 minutos\" \/>\n<script type=\"application\/ld+json\" class=\"yoast-schema-graph\">{\"@context\":\"https:\/\/schema.org\",\"@graph\":[{\"@type\":\"WebPage\",\"@id\":\"https:\/\/www.healnv.com\/es\/educadores\/\",\"url\":\"https:\/\/www.healnv.com\/es\/educadores\/\",\"name\":\"Educadores - HEAL 5210 - ES\",\"isPartOf\":{\"@id\":\"https:\/\/www.healnv.com\/es\/#website\"},\"primaryImageOfPage\":{\"@id\":\"https:\/\/www.healnv.com\/es\/educadores\/#primaryimage\"},\"image\":{\"@id\":\"https:\/\/www.healnv.com\/es\/educadores\/#primaryimage\"},\"thumbnailUrl\":\"https:\/\/www.healnv.com\/es\/wp-content\/uploads\/sites\/2\/2025\/01\/Copy-of-5210-Program-Grid-11-390x300-1.png\",\"datePublished\":\"2025-01-20T10:42:49+00:00\",\"dateModified\":\"2025-06-30T18:59:43+00:00\",\"breadcrumb\":{\"@id\":\"https:\/\/www.healnv.com\/es\/educadores\/#breadcrumb\"},\"inLanguage\":\"es\",\"potentialAction\":[{\"@type\":\"ReadAction\",\"target\":[\"https:\/\/www.healnv.com\/es\/educadores\/\"]}]},{\"@type\":\"ImageObject\",\"inLanguage\":\"es\",\"@id\":\"https:\/\/www.healnv.com\/es\/educadores\/#primaryimage\",\"url\":\"https:\/\/www.healnv.com\/es\/wp-content\/uploads\/sites\/2\/2025\/01\/Copy-of-5210-Program-Grid-11-390x300-1.png\",\"contentUrl\":\"https:\/\/www.healnv.com\/es\/wp-content\/uploads\/sites\/2\/2025\/01\/Copy-of-5210-Program-Grid-11-390x300-1.png\",\"width\":390,\"height\":300},{\"@type\":\"BreadcrumbList\",\"@id\":\"https:\/\/www.healnv.com\/es\/educadores\/#breadcrumb\",\"itemListElement\":[{\"@type\":\"ListItem\",\"position\":1,\"name\":\"Home\",\"item\":\"https:\/\/www.healnv.com\/es\/\"},{\"@type\":\"ListItem\",\"position\":2,\"name\":\"Educadores\"}]},{\"@type\":\"WebSite\",\"@id\":\"https:\/\/www.healnv.com\/es\/#website\",\"url\":\"https:\/\/www.healnv.com\/es\/\",\"name\":\"HEAL 5210 - ES\",\"description\":\"\",\"potentialAction\":[{\"@type\":\"SearchAction\",\"target\":{\"@type\":\"EntryPoint\",\"urlTemplate\":\"https:\/\/www.healnv.com\/es\/?s={search_term_string}\"},\"query-input\":{\"@type\":\"PropertyValueSpecification\",\"valueRequired\":true,\"valueName\":\"search_term_string\"}}],\"inLanguage\":\"es\"}]}<\/script>\n<!-- \/ Yoast SEO plugin. -->","yoast_head_json":{"title":"Educadores - HEAL 5210 - ES","robots":{"index":"index","follow":"follow","max-snippet":"max-snippet:-1","max-image-preview":"max-image-preview:large","max-video-preview":"max-video-preview:-1"},"canonical":"https:\/\/www.healnv.com\/es\/educadores\/","og_locale":"es_ES","og_type":"article","og_title":"Educadores - HEAL 5210 - ES","og_description":"Acerca de NV 5210 y c\u00f3mo participar. Como educadores, ya sea en un ambiente de cuidado y educaci\u00f3n infantil o en escuelas K-12, ustedes tienen una parte crucial en el fomento de h\u00e1bitos saludables entre los estudiantes. Usted ayuda a dar forma a los comportamientos que contribuyen a una buena salud, y las escuelas son [&hellip;]","og_url":"https:\/\/www.healnv.com\/es\/educadores\/","og_site_name":"HEAL 5210 - ES","article_modified_time":"2025-06-30T18:59:43+00:00","og_image":[{"width":390,"height":300,"url":"https:\/\/www.healnv.com\/es\/wp-content\/uploads\/sites\/2\/2025\/01\/Copy-of-5210-Program-Grid-11-390x300-1.png","type":"image\/png"}],"twitter_card":"summary_large_image","twitter_misc":{"Tiempo de lectura":"3 minutos"},"schema":{"@context":"https:\/\/schema.org","@graph":[{"@type":"WebPage","@id":"https:\/\/www.healnv.com\/es\/educadores\/","url":"https:\/\/www.healnv.com\/es\/educadores\/","name":"Educadores - HEAL 5210 - ES","isPartOf":{"@id":"https:\/\/www.healnv.com\/es\/#website"},"primaryImageOfPage":{"@id":"https:\/\/www.healnv.com\/es\/educadores\/#primaryimage"},"image":{"@id":"https:\/\/www.healnv.com\/es\/educadores\/#primaryimage"},"thumbnailUrl":"https:\/\/www.healnv.com\/es\/wp-content\/uploads\/sites\/2\/2025\/01\/Copy-of-5210-Program-Grid-11-390x300-1.png","datePublished":"2025-01-20T10:42:49+00:00","dateModified":"2025-06-30T18:59:43+00:00","breadcrumb":{"@id":"https:\/\/www.healnv.com\/es\/educadores\/#breadcrumb"},"inLanguage":"es","potentialAction":[{"@type":"ReadAction","target":["https:\/\/www.healnv.com\/es\/educadores\/"]}]},{"@type":"ImageObject","inLanguage":"es","@id":"https:\/\/www.healnv.com\/es\/educadores\/#primaryimage","url":"https:\/\/www.healnv.com\/es\/wp-content\/uploads\/sites\/2\/2025\/01\/Copy-of-5210-Program-Grid-11-390x300-1.png","contentUrl":"https:\/\/www.healnv.com\/es\/wp-content\/uploads\/sites\/2\/2025\/01\/Copy-of-5210-Program-Grid-11-390x300-1.png","width":390,"height":300},{"@type":"BreadcrumbList","@id":"https:\/\/www.healnv.com\/es\/educadores\/#breadcrumb","itemListElement":[{"@type":"ListItem","position":1,"name":"Home","item":"https:\/\/www.healnv.com\/es\/"},{"@type":"ListItem","position":2,"name":"Educadores"}]},{"@type":"WebSite","@id":"https:\/\/www.healnv.com\/es\/#website","url":"https:\/\/www.healnv.com\/es\/","name":"HEAL 5210 - ES","description":"","potentialAction":[{"@type":"SearchAction","target":{"@type":"EntryPoint","urlTemplate":"https:\/\/www.healnv.com\/es\/?s={search_term_string}"},"query-input":{"@type":"PropertyValueSpecification","valueRequired":true,"valueName":"search_term_string"}}],"inLanguage":"es"}]}},"_links":{"self":[{"href":"https:\/\/www.healnv.com\/es\/wp-json\/wp\/v2\/pages\/135","targetHints":{"allow":["GET"]}}],"collection":[{"href":"https:\/\/www.healnv.com\/es\/wp-json\/wp\/v2\/pages"}],"about":[{"href":"https:\/\/www.healnv.com\/es\/wp-json\/wp\/v2\/types\/page"}],"author":[{"embeddable":true,"href":"https:\/\/www.healnv.com\/es\/wp-json\/wp\/v2\/users\/1"}],"replies":[{"embeddable":true,"href":"https:\/\/www.healnv.com\/es\/wp-json\/wp\/v2\/comments?post=135"}],"version-history":[{"count":0,"href":"https:\/\/www.healnv.com\/es\/wp-json\/wp\/v2\/pages\/135\/revisions"}],"wp:featuredmedia":[{"embeddable":true,"href":"https:\/\/www.healnv.com\/es\/wp-json\/wp\/v2\/media\/136"}],"wp:attachment":[{"href":"https:\/\/www.healnv.com\/es\/wp-json\/wp\/v2\/media?parent=135"}],"curies":[{"name":"wp","href":"https:\/\/api.w.org\/{rel}","templated":true}]}}