{"id":146,"date":"2025-04-09T23:09:50","date_gmt":"2025-04-09T23:09:50","guid":{"rendered":"https:\/\/www.healnv.com\/es\/?page_id=146"},"modified":"2025-04-15T15:43:09","modified_gmt":"2025-04-15T15:43:09","slug":"que-es-nv-5210","status":"publish","type":"page","link":"https:\/\/www.healnv.com\/es\/que-es-nv-5210\/","title":{"rendered":"\u00bfQu\u00e9 es NV 5210?"},"content":{"rendered":"<p>Este programa ofrece una base s\u00f3lida y un plan de acci\u00f3n para mejorar el bienestar de todos los Nevadenses. B\u00e1sicamente, NV 5-2-1-0 fomenta que las personas hablen sobre las diferencias tangibles que pueden hacer en su vida diaria para mejorar su salud y calidad de vida. NV 5-2-1-0 est\u00e1 basado en cuatro simples pero importantes gu\u00edas:<\/p>\n<p>5- Come 5 porciones o m\u00e1s de frutas y verduras<br \/>\n2- Limite el tiempo frente de pantalla recreativo a 2 horas o menos<br \/>\n1- Part\u00edcipe en 1 hora o m\u00e1s de actividad f\u00edsica<br \/>\n0- Consume 0 bebidas azucaradas, y prioriza el agua<\/p>\n<h4>Inspirado por el \u00e9xito del programa \u00a1MaineHealth Let\u2019s Go!<\/h4>\n<p>Lanzado en 2006 y asociado con casi un 1,000 de p\u00e1ginas registradas, el programa de \u00a1MaineHealth Let\u2019s Go! ha ayudado a miles de personas a crear estilos de vida m\u00e1s saludables.<\/p>\n<p>Let\u2019s Go! utiliza el modelo socio ecol\u00f3gico para el cambio de comportamiento por promoviendo cambios en las pol\u00edticas y en el medio ambiente en m\u00faltiples facetas de la comunidad donde los individuos y familias viven, trabajan y juegan para facilitar opciones saludables.<\/p>\n<p>Siguiendo los pasos de MaineHealth, NV 5-2-1-0 equipa las personas con recursos accesibles y listos para usar, y aboga por ajustes graduales que conducen resultados de salud notables. Al adoptar estas cuatro gu\u00edas, no solo est\u00e1s adoptando una vida m\u00e1s saludable, estas uniendo con un movimiento que une comunidades y redefine nuestro futuro colectivo. Un\u00e1monos y demos forma a una Nevada m\u00e1s saludable para las generaciones futuras.<\/p>\n<p><a class=\"button\" href=\"https:\/\/www.mainehealth.org\/lets-go\" target=\"_blank\" rel=\"noopener\">Visite a MaineHealth<\/a><\/p>\n<h4>Un programa basado en evidencia que empodera a la comunidad.<\/h4>\n<p>El programa de \u00a1MaineHealth Let\u2019s Go! Tiene <a href=\"https:\/\/www.mainehealth.org\/lets-go\/our-impact\/publications\" target=\"_blank\" rel=\"noopener\">muchas publicaciones<\/a> que demuestran c\u00f3mo los cambios de pol\u00edticas y sistemas pueden generar ambientes m\u00e1s saludables en diferentes \u00e1reas, como la atenci\u00f3n m\u00e9dica, las escuelas y otros sectores de la comunidad.<\/p>\n<p>Esfuerzos similares, como el proyecto de <a href=\"https:\/\/www.ncbi.nlm.nih.gov\/pmc\/articles\/PMC4322791\/\" target=\"_blank\" rel=\"noopener\">Demostraci\u00f3n de Investigaci\u00f3n sobre la Obesidad Infantil de Massachusetts<\/a>, han demostrado c\u00f3mo los enfoques multisectoriales pueden reducir el \u00edndice de masa corporal (IMC) en los ni\u00f1os y mejorar los comportamientos saludables.<\/p>\n","protected":false},"excerpt":{"rendered":"<p>Este programa ofrece una base s\u00f3lida y un plan de acci\u00f3n para mejorar el bienestar de todos los Nevadenses. B\u00e1sicamente, NV 5-2-1-0 fomenta que las personas hablen sobre las diferencias tangibles que pueden hacer en su vida diaria para mejorar su salud y calidad de vida. NV 5-2-1-0 est\u00e1 basado en cuatro simples pero importantes [&hellip;]<\/p>\n","protected":false},"author":1,"featured_media":0,"parent":0,"menu_order":0,"comment_status":"closed","ping_status":"closed","template":"","meta":{"_acf_changed":false,"footnotes":""},"class_list":["post-146","page","type-page","status-publish","hentry"],"acf":[],"yoast_head":"<!-- This site is optimized with the Yoast SEO plugin v27.5 - https:\/\/yoast.com\/product\/yoast-seo-wordpress\/ -->\n<title>\u00bfQu\u00e9 es NV 5210? - HEAL 5210 - ES<\/title>\n<meta name=\"robots\" content=\"index, follow, max-snippet:-1, max-image-preview:large, max-video-preview:-1\" \/>\n<link rel=\"canonical\" href=\"https:\/\/www.healnv.com\/es\/que-es-nv-5210\/\" \/>\n<meta property=\"og:locale\" content=\"es_ES\" \/>\n<meta property=\"og:type\" content=\"article\" \/>\n<meta property=\"og:title\" content=\"\u00bfQu\u00e9 es NV 5210? - HEAL 5210 - ES\" \/>\n<meta property=\"og:description\" content=\"Este programa ofrece una base s\u00f3lida y un plan de acci\u00f3n para mejorar el bienestar de todos los Nevadenses. B\u00e1sicamente, NV 5-2-1-0 fomenta que las personas hablen sobre las diferencias tangibles que pueden hacer en su vida diaria para mejorar su salud y calidad de vida. NV 5-2-1-0 est\u00e1 basado en cuatro simples pero importantes [&hellip;]\" \/>\n<meta property=\"og:url\" content=\"https:\/\/www.healnv.com\/es\/que-es-nv-5210\/\" \/>\n<meta property=\"og:site_name\" content=\"HEAL 5210 - ES\" \/>\n<meta property=\"article:modified_time\" content=\"2025-04-15T15:43:09+00:00\" \/>\n<meta name=\"twitter:card\" content=\"summary_large_image\" \/>\n<meta name=\"twitter:label1\" content=\"Tiempo de lectura\" \/>\n\t<meta name=\"twitter:data1\" content=\"2 minutos\" \/>\n<script type=\"application\/ld+json\" class=\"yoast-schema-graph\">{\"@context\":\"https:\\\/\\\/schema.org\",\"@graph\":[{\"@type\":\"WebPage\",\"@id\":\"https:\\\/\\\/www.healnv.com\\\/es\\\/que-es-nv-5210\\\/\",\"url\":\"https:\\\/\\\/www.healnv.com\\\/es\\\/que-es-nv-5210\\\/\",\"name\":\"\u00bfQu\u00e9 es NV 5210? - HEAL 5210 - ES\",\"isPartOf\":{\"@id\":\"https:\\\/\\\/www.healnv.com\\\/es\\\/#website\"},\"datePublished\":\"2025-04-09T23:09:50+00:00\",\"dateModified\":\"2025-04-15T15:43:09+00:00\",\"breadcrumb\":{\"@id\":\"https:\\\/\\\/www.healnv.com\\\/es\\\/que-es-nv-5210\\\/#breadcrumb\"},\"inLanguage\":\"es\",\"potentialAction\":[{\"@type\":\"ReadAction\",\"target\":[\"https:\\\/\\\/www.healnv.com\\\/es\\\/que-es-nv-5210\\\/\"]}]},{\"@type\":\"BreadcrumbList\",\"@id\":\"https:\\\/\\\/www.healnv.com\\\/es\\\/que-es-nv-5210\\\/#breadcrumb\",\"itemListElement\":[{\"@type\":\"ListItem\",\"position\":1,\"name\":\"Home\",\"item\":\"https:\\\/\\\/www.healnv.com\\\/es\\\/\"},{\"@type\":\"ListItem\",\"position\":2,\"name\":\"\u00bfQu\u00e9 es NV 5210?\"}]},{\"@type\":\"WebSite\",\"@id\":\"https:\\\/\\\/www.healnv.com\\\/es\\\/#website\",\"url\":\"https:\\\/\\\/www.healnv.com\\\/es\\\/\",\"name\":\"HEAL 5210 - ES\",\"description\":\"\",\"potentialAction\":[{\"@type\":\"SearchAction\",\"target\":{\"@type\":\"EntryPoint\",\"urlTemplate\":\"https:\\\/\\\/www.healnv.com\\\/es\\\/?s={search_term_string}\"},\"query-input\":{\"@type\":\"PropertyValueSpecification\",\"valueRequired\":true,\"valueName\":\"search_term_string\"}}],\"inLanguage\":\"es\"}]}<\/script>\n<!-- \/ Yoast SEO plugin. -->","yoast_head_json":{"title":"\u00bfQu\u00e9 es NV 5210? - HEAL 5210 - ES","robots":{"index":"index","follow":"follow","max-snippet":"max-snippet:-1","max-image-preview":"max-image-preview:large","max-video-preview":"max-video-preview:-1"},"canonical":"https:\/\/www.healnv.com\/es\/que-es-nv-5210\/","og_locale":"es_ES","og_type":"article","og_title":"\u00bfQu\u00e9 es NV 5210? - HEAL 5210 - ES","og_description":"Este programa ofrece una base s\u00f3lida y un plan de acci\u00f3n para mejorar el bienestar de todos los Nevadenses. B\u00e1sicamente, NV 5-2-1-0 fomenta que las personas hablen sobre las diferencias tangibles que pueden hacer en su vida diaria para mejorar su salud y calidad de vida. NV 5-2-1-0 est\u00e1 basado en cuatro simples pero importantes [&hellip;]","og_url":"https:\/\/www.healnv.com\/es\/que-es-nv-5210\/","og_site_name":"HEAL 5210 - ES","article_modified_time":"2025-04-15T15:43:09+00:00","twitter_card":"summary_large_image","twitter_misc":{"Tiempo de lectura":"2 minutos"},"schema":{"@context":"https:\/\/schema.org","@graph":[{"@type":"WebPage","@id":"https:\/\/www.healnv.com\/es\/que-es-nv-5210\/","url":"https:\/\/www.healnv.com\/es\/que-es-nv-5210\/","name":"\u00bfQu\u00e9 es NV 5210? - HEAL 5210 - ES","isPartOf":{"@id":"https:\/\/www.healnv.com\/es\/#website"},"datePublished":"2025-04-09T23:09:50+00:00","dateModified":"2025-04-15T15:43:09+00:00","breadcrumb":{"@id":"https:\/\/www.healnv.com\/es\/que-es-nv-5210\/#breadcrumb"},"inLanguage":"es","potentialAction":[{"@type":"ReadAction","target":["https:\/\/www.healnv.com\/es\/que-es-nv-5210\/"]}]},{"@type":"BreadcrumbList","@id":"https:\/\/www.healnv.com\/es\/que-es-nv-5210\/#breadcrumb","itemListElement":[{"@type":"ListItem","position":1,"name":"Home","item":"https:\/\/www.healnv.com\/es\/"},{"@type":"ListItem","position":2,"name":"\u00bfQu\u00e9 es NV 5210?"}]},{"@type":"WebSite","@id":"https:\/\/www.healnv.com\/es\/#website","url":"https:\/\/www.healnv.com\/es\/","name":"HEAL 5210 - ES","description":"","potentialAction":[{"@type":"SearchAction","target":{"@type":"EntryPoint","urlTemplate":"https:\/\/www.healnv.com\/es\/?s={search_term_string}"},"query-input":{"@type":"PropertyValueSpecification","valueRequired":true,"valueName":"search_term_string"}}],"inLanguage":"es"}]}},"_links":{"self":[{"href":"https:\/\/www.healnv.com\/es\/wp-json\/wp\/v2\/pages\/146","targetHints":{"allow":["GET"]}}],"collection":[{"href":"https:\/\/www.healnv.com\/es\/wp-json\/wp\/v2\/pages"}],"about":[{"href":"https:\/\/www.healnv.com\/es\/wp-json\/wp\/v2\/types\/page"}],"author":[{"embeddable":true,"href":"https:\/\/www.healnv.com\/es\/wp-json\/wp\/v2\/users\/1"}],"replies":[{"embeddable":true,"href":"https:\/\/www.healnv.com\/es\/wp-json\/wp\/v2\/comments?post=146"}],"version-history":[{"count":0,"href":"https:\/\/www.healnv.com\/es\/wp-json\/wp\/v2\/pages\/146\/revisions"}],"wp:attachment":[{"href":"https:\/\/www.healnv.com\/es\/wp-json\/wp\/v2\/media?parent=146"}],"curies":[{"name":"wp","href":"https:\/\/api.w.org\/{rel}","templated":true}]}}