{"id":60,"date":"2023-05-22T16:30:53","date_gmt":"2023-05-22T16:30:53","guid":{"rendered":"https:\/\/www.healnv.com\/es\/?page_id=60"},"modified":"2023-10-30T01:51:34","modified_gmt":"2023-10-30T01:51:34","slug":"about-5210","status":"publish","type":"page","link":"https:\/\/www.healnv.com\/es\/about-5210\/","title":{"rendered":"Resumen del Nevada 5210"},"content":{"rendered":"<p>Bienvenido al NV 5-2-1-0: Un programa vers\u00e1til listo para la integraci\u00f3n donde los nevadenses trabajan, juegan, aprenden y acceden a la atenci\u00f3n m\u00e9dica. El programa 5-2-1-0 proporciona una base s\u00f3lida y un plan pr\u00e1ctico para mejorar el bienestar. Este programa est\u00e1 dise\u00f1ado para iniciar conversaciones significativas acerca de cambios en el estilo de vida. En esencia, el NV 5-2-1-0 invita a los miembros de la comunidad a participar en di\u00e1logos que promuevan comportamientos m\u00e1s saludables. Al adoptar una serie de cambios sencillos pero impactantes, este programa empodera a las personas a alcanzar diferencias reales en su salud y calidad de vida. Basado en la practicidad, el NV 5-2-1-0 provee a los nevadenses recursos listos para usar de f\u00e1cil acceso y propone ajustes graduales que conduzcan a resultados de salud notables. Nuestros mensajes diarios brindan una gu\u00eda clara:<\/p>\n<ul>\n<li>Consuma 5 o m\u00e1s porciones de frutas y vegetales<\/li>\n<li>Limite el tiempo de recreaci\u00f3n frente a la computadora\/televisi\u00f3n a 2 horas o menos<\/li>\n<li>Dedique 1 hora o m\u00e1s a la actividad f\u00edsica<\/li>\n<li>No tome bebidas azucaradas y priorice el consumo de agua<\/li>\n<\/ul>\n<p>Inspirado en el \u00e9xito reconocido del Programa \u00a1Vamos! (Let\u00b4s GO!) de MaineHealth, lanzado en 2006, el NV 5-2-1-0 se basa en el \u00e9xito. Con casi 1500 sitios registrados en todo Maine y expandi\u00e9ndose a ubicaciones selectas en los Estados Unidos y Canad\u00e1, este enfoque ha ganado considerable aceptaci\u00f3n. Escuelas, espacios de trabajo, familias militares y comunidades enteras han aceptado con entusiasmo el marco te\u00f3rico del 5-2-1-0, adoptando una cultura de bienestar integral. Los resultados son evidentes: Los datos de Maine muestran cambios positivos en los comportamientos de salud de los ni\u00f1os y una disminuci\u00f3n gradual en el IMC infantil, incluso en medio de los desaf\u00edos planteados por la pandemia de COVID-19 (1). Estos logros iniciales destacan el potencial del NV 5-2-1-0 para crear un impacto sostenido en Nevada.<\/p>\n<p>\u00danase a esta iniciativa, el NV 5-2-1-0 comienza equipando a los proveedores de atenci\u00f3n m\u00e9dica con herramientas y recursos listos para usar para que ellos gu\u00eden a sus pacientes hacer elecciones m\u00e1s saludables. El programa abarcar\u00e1 diversos sectores a medida que se ampl\u00ede su financiamiento, garantizando un enfoque integral. Al unirse al NV 5-2-1-0, usted no solo est\u00e1 adoptando un estilo de vida m\u00e1s saludable \u2013 est\u00e1 uni\u00e9ndose a un movimiento que trasciende sectores, une comunidades y redefine nuestro futuro colectivo. Un\u00e1monos y creemos juntos un Nevada m\u00e1s saludable para las generaciones futuras. \u00a1Su camino hacia el bienestar comienza con el NV 5-2-1-0!<\/p>\n","protected":false},"excerpt":{"rendered":"<p>Bienvenido al NV 5-2-1-0: Un programa vers\u00e1til listo para la integraci\u00f3n donde los nevadenses trabajan, juegan, aprenden y acceden a la atenci\u00f3n m\u00e9dica. El programa 5-2-1-0 proporciona una base s\u00f3lida y un plan pr\u00e1ctico para mejorar el bienestar. Este programa est\u00e1 dise\u00f1ado para iniciar conversaciones significativas acerca de cambios en el estilo de vida. En [&hellip;]<\/p>\n","protected":false},"author":1,"featured_media":0,"parent":0,"menu_order":0,"comment_status":"closed","ping_status":"closed","template":"","meta":{"_acf_changed":false,"footnotes":""},"class_list":["post-60","page","type-page","status-publish","hentry"],"acf":[],"yoast_head":"<!-- This site is optimized with the Yoast SEO plugin v27.0 - https:\/\/yoast.com\/product\/yoast-seo-wordpress\/ -->\n<title>Resumen del Nevada 5210 - HEAL 5210 - ES<\/title>\n<meta name=\"robots\" content=\"index, follow, max-snippet:-1, max-image-preview:large, max-video-preview:-1\" \/>\n<link rel=\"canonical\" href=\"https:\/\/www.healnv.com\/es\/about-5210\/\" \/>\n<meta property=\"og:locale\" content=\"es_ES\" \/>\n<meta property=\"og:type\" content=\"article\" \/>\n<meta property=\"og:title\" content=\"Resumen del Nevada 5210 - HEAL 5210 - ES\" \/>\n<meta property=\"og:description\" content=\"Bienvenido al NV 5-2-1-0: Un programa vers\u00e1til listo para la integraci\u00f3n donde los nevadenses trabajan, juegan, aprenden y acceden a la atenci\u00f3n m\u00e9dica. El programa 5-2-1-0 proporciona una base s\u00f3lida y un plan pr\u00e1ctico para mejorar el bienestar. Este programa est\u00e1 dise\u00f1ado para iniciar conversaciones significativas acerca de cambios en el estilo de vida. En [&hellip;]\" \/>\n<meta property=\"og:url\" content=\"https:\/\/www.healnv.com\/es\/about-5210\/\" \/>\n<meta property=\"og:site_name\" content=\"HEAL 5210 - ES\" \/>\n<meta property=\"article:modified_time\" content=\"2023-10-30T01:51:34+00:00\" \/>\n<meta name=\"twitter:card\" content=\"summary_large_image\" \/>\n<script type=\"application\/ld+json\" class=\"yoast-schema-graph\">{\"@context\":\"https:\/\/schema.org\",\"@graph\":[{\"@type\":\"WebPage\",\"@id\":\"https:\/\/www.healnv.com\/es\/about-5210\/\",\"url\":\"https:\/\/www.healnv.com\/es\/about-5210\/\",\"name\":\"Resumen del Nevada 5210 - HEAL 5210 - ES\",\"isPartOf\":{\"@id\":\"https:\/\/www.healnv.com\/es\/#website\"},\"datePublished\":\"2023-05-22T16:30:53+00:00\",\"dateModified\":\"2023-10-30T01:51:34+00:00\",\"breadcrumb\":{\"@id\":\"https:\/\/www.healnv.com\/es\/about-5210\/#breadcrumb\"},\"inLanguage\":\"es\",\"potentialAction\":[{\"@type\":\"ReadAction\",\"target\":[\"https:\/\/www.healnv.com\/es\/about-5210\/\"]}]},{\"@type\":\"BreadcrumbList\",\"@id\":\"https:\/\/www.healnv.com\/es\/about-5210\/#breadcrumb\",\"itemListElement\":[{\"@type\":\"ListItem\",\"position\":1,\"name\":\"Home\",\"item\":\"https:\/\/www.healnv.com\/es\/\"},{\"@type\":\"ListItem\",\"position\":2,\"name\":\"Resumen del Nevada 5210\"}]},{\"@type\":\"WebSite\",\"@id\":\"https:\/\/www.healnv.com\/es\/#website\",\"url\":\"https:\/\/www.healnv.com\/es\/\",\"name\":\"HEAL 5210 - ES\",\"description\":\"\",\"potentialAction\":[{\"@type\":\"SearchAction\",\"target\":{\"@type\":\"EntryPoint\",\"urlTemplate\":\"https:\/\/www.healnv.com\/es\/?s={search_term_string}\"},\"query-input\":{\"@type\":\"PropertyValueSpecification\",\"valueRequired\":true,\"valueName\":\"search_term_string\"}}],\"inLanguage\":\"es\"}]}<\/script>\n<!-- \/ Yoast SEO plugin. -->","yoast_head_json":{"title":"Resumen del Nevada 5210 - HEAL 5210 - ES","robots":{"index":"index","follow":"follow","max-snippet":"max-snippet:-1","max-image-preview":"max-image-preview:large","max-video-preview":"max-video-preview:-1"},"canonical":"https:\/\/www.healnv.com\/es\/about-5210\/","og_locale":"es_ES","og_type":"article","og_title":"Resumen del Nevada 5210 - HEAL 5210 - ES","og_description":"Bienvenido al NV 5-2-1-0: Un programa vers\u00e1til listo para la integraci\u00f3n donde los nevadenses trabajan, juegan, aprenden y acceden a la atenci\u00f3n m\u00e9dica. El programa 5-2-1-0 proporciona una base s\u00f3lida y un plan pr\u00e1ctico para mejorar el bienestar. Este programa est\u00e1 dise\u00f1ado para iniciar conversaciones significativas acerca de cambios en el estilo de vida. En [&hellip;]","og_url":"https:\/\/www.healnv.com\/es\/about-5210\/","og_site_name":"HEAL 5210 - ES","article_modified_time":"2023-10-30T01:51:34+00:00","twitter_card":"summary_large_image","schema":{"@context":"https:\/\/schema.org","@graph":[{"@type":"WebPage","@id":"https:\/\/www.healnv.com\/es\/about-5210\/","url":"https:\/\/www.healnv.com\/es\/about-5210\/","name":"Resumen del Nevada 5210 - HEAL 5210 - ES","isPartOf":{"@id":"https:\/\/www.healnv.com\/es\/#website"},"datePublished":"2023-05-22T16:30:53+00:00","dateModified":"2023-10-30T01:51:34+00:00","breadcrumb":{"@id":"https:\/\/www.healnv.com\/es\/about-5210\/#breadcrumb"},"inLanguage":"es","potentialAction":[{"@type":"ReadAction","target":["https:\/\/www.healnv.com\/es\/about-5210\/"]}]},{"@type":"BreadcrumbList","@id":"https:\/\/www.healnv.com\/es\/about-5210\/#breadcrumb","itemListElement":[{"@type":"ListItem","position":1,"name":"Home","item":"https:\/\/www.healnv.com\/es\/"},{"@type":"ListItem","position":2,"name":"Resumen del Nevada 5210"}]},{"@type":"WebSite","@id":"https:\/\/www.healnv.com\/es\/#website","url":"https:\/\/www.healnv.com\/es\/","name":"HEAL 5210 - ES","description":"","potentialAction":[{"@type":"SearchAction","target":{"@type":"EntryPoint","urlTemplate":"https:\/\/www.healnv.com\/es\/?s={search_term_string}"},"query-input":{"@type":"PropertyValueSpecification","valueRequired":true,"valueName":"search_term_string"}}],"inLanguage":"es"}]}},"_links":{"self":[{"href":"https:\/\/www.healnv.com\/es\/wp-json\/wp\/v2\/pages\/60","targetHints":{"allow":["GET"]}}],"collection":[{"href":"https:\/\/www.healnv.com\/es\/wp-json\/wp\/v2\/pages"}],"about":[{"href":"https:\/\/www.healnv.com\/es\/wp-json\/wp\/v2\/types\/page"}],"author":[{"embeddable":true,"href":"https:\/\/www.healnv.com\/es\/wp-json\/wp\/v2\/users\/1"}],"replies":[{"embeddable":true,"href":"https:\/\/www.healnv.com\/es\/wp-json\/wp\/v2\/comments?post=60"}],"version-history":[{"count":0,"href":"https:\/\/www.healnv.com\/es\/wp-json\/wp\/v2\/pages\/60\/revisions"}],"wp:attachment":[{"href":"https:\/\/www.healnv.com\/es\/wp-json\/wp\/v2\/media?parent=60"}],"curies":[{"name":"wp","href":"https:\/\/api.w.org\/{rel}","templated":true}]}}