{"id":68,"date":"2023-05-22T16:35:32","date_gmt":"2023-05-22T16:35:32","guid":{"rendered":"https:\/\/www.healnv.com\/es\/?page_id=68"},"modified":"2023-10-30T16:50:53","modified_gmt":"2023-10-30T16:50:53","slug":"resources","status":"publish","type":"page","link":"https:\/\/www.healnv.com\/es\/resources\/","title":{"rendered":"Recursos"},"content":{"rendered":"<h3>Proveedores de servicios m\u00e9dicos<\/h3>\n<ul>\n<li><a href=\"https:\/\/www.healnv.com\/es\/wp-content\/uploads\/sites\/2\/2023\/10\/Healthcare-Program-Guide-es.pdf\">Gu\u00eda de implementaci\u00f3n del Nevada 5210para sitios de atenci\u00f3n m\u00e9dica<\/a><\/li>\n<li><a href=\"https:\/\/www.healnv.com\/es\/wp-content\/uploads\/sites\/2\/2023\/10\/5210-Poster-es.pdf\">Poster de Nevada 5210<\/a><\/li>\n<li><a href=\"https:\/\/www.healnv.com\/es\/wp-content\/uploads\/sites\/2\/2023\/10\/Scientific-Rationale-es.pdf\">Fundamentos Cient\u00edficos de Nevada 5210<\/a><\/li>\n<li><a href=\"https:\/\/www.healnv.com\/es\/wp-content\/uploads\/sites\/2\/2023\/10\/Office-Workflow-for-Well-Child-Visit-es.pdf\">Proceso de Trabajo de NV 5210 para Visitas de Control de Salud Infantil<\/a><\/li>\n<li><a href=\"https:\/\/www.healnv.com\/es\/wp-content\/uploads\/sites\/2\/2023\/10\/Healthy-Habits-Questionaire-es.pdf\">Cuestionario de H\u00e1bitos Saludables del Nevada 5210<\/a><\/li>\n<li><a href=\"https:\/\/publications.aap.org\/pediatrics\/article\/151\/2\/e2022060640\/190443\/Clinical-Practice-Guideline-for-the-Evaluation-and?autologincheck=redirected\">Gu\u00eda de Pr\u00e1ctica Cl\u00ednica de la Academia Estadounidense de Pediatr\u00eda, 2022<\/a><\/li>\n<li><a href=\"https:\/\/downloads.aap.org\/AAP\/PDF\/Obesity\/CPG-Obesity%20Algorithm%2011.17.pdf?_ga=2.257195982.435960842.1688764595-1895535297.1679349389\">Gu\u00eda de Pr\u00e1ctica Cl\u00ednica de la Academia Estadounidense de Pediatr\u00eda, 2022, Algoritmo<\/a><\/li>\n<li><a href=\"https:\/\/www.mainehealth.org\/-\/media\/Lets-Go\/Files\/Clinical\/Adult-Practices\/Healthy-Habits-Questionnaire-18Plus-Small-Steps-Chart.pdf\">Small Steps de MaineHealth Let\u2019s GO! (5-2-1-0 para adultos), Cuestionarios de H\u00e1bitos Saludables<\/a><\/li>\n<li><a href=\"https:\/\/www.mainehealth.org\/Lets-Go\/Clinical\">Otros Recursos para sitios de atenci\u00f3n medica de MaineHealth Let\u2019s GO!<\/a><\/li>\n<\/ul>\n<h3>Escuelas<\/h3>\n<ul>\n<li><a href=\"https:\/\/www.healnv.com\/es\/wp-content\/uploads\/sites\/2\/2023\/10\/5210-Poster-es.pdf\">Poster de Nevada 5210<\/a><\/li>\n<li><a href=\"https:\/\/www.healnv.com\/es\/wp-content\/uploads\/sites\/2\/2023\/10\/Scientific-Rationale-es.pdf\">Fundamentos Cient\u00edficos de Nevada 5210<\/a><\/li>\n<\/ul>\n<h3>Educaci\u00f3n y Cuidado Tempranos<\/h3>\n<ul>\n<li><a href=\"https:\/\/www.healnv.com\/es\/wp-content\/uploads\/sites\/2\/2023\/10\/5210-Poster-es.pdf\">Poster de Nevada 5210<\/a><\/li>\n<li><a href=\"https:\/\/www.healnv.com\/es\/wp-content\/uploads\/sites\/2\/2023\/10\/Scientific-Rationale-es.pdf\">Fundamentos Cient\u00edficos de Nevada 5210<\/a><\/li>\n<\/ul>\n<h3>Sitios de trabajo<\/h3>\n<ul>\n<li><a href=\"https:\/\/www.mainehealth.org\/-\/media\/Lets-Go\/Files\/Clinical\/Adult-Practices\/Small-Steps-Poster.pdf\">Poster de Small Steps de MaineHealth Let\u2019s GO!<\/a><\/li>\n<li><a href=\"https:\/\/www.mainehealth.org\/-\/media\/Lets-Go\/Files\/Clinical\/Adult-Practices\/Small-Steps-handout.pdf\">Folleto de Small Steps de MaineHealth Let\u2019s GO!<\/a><\/li>\n<li><a href=\"https:\/\/www.mainehealth.org\/-\/media\/Lets-Go\/Files\/Clinical\/Employeers\/LG-WP-Toolkit-Pages-5-Evidence.pdf\">Evidencia Cient\u00edfica sobre Small Steps de MaineHealth Let\u2019s GO!<\/a><\/li>\n<li>Marco te\u00f3rico para Sitios de Trabajo de MaineHealth Let\u2019s GO!<\/li>\n<li>Otros Recursos para Sitios de trabajo de MaineHealth Let\u2019s GO!<\/li>\n<\/ul>\n<h3>Otros Sectores Comunitarios<\/h3>\n<ul>\n<li><a href=\"https:\/\/www.healnv.com\/es\/wp-content\/uploads\/sites\/2\/2023\/10\/5210-Poster-es.pdf\">Poster de Nevada 5210<\/a><\/li>\n<li><a href=\"https:\/\/www.healnv.com\/es\/wp-content\/uploads\/sites\/2\/2023\/10\/Scientific-Rationale-es.pdf\">Fundamentos Cient\u00edficos de Nevada 5210<\/a><\/li>\n<\/ul>\n","protected":false},"excerpt":{"rendered":"<p>Proveedores de servicios m\u00e9dicos Gu\u00eda de implementaci\u00f3n del Nevada 5210para sitios de atenci\u00f3n m\u00e9dica Poster de Nevada 5210 Fundamentos Cient\u00edficos de Nevada 5210 Proceso de Trabajo de NV 5210 para Visitas de Control de Salud Infantil Cuestionario de H\u00e1bitos Saludables del Nevada 5210 Gu\u00eda de Pr\u00e1ctica Cl\u00ednica de la Academia Estadounidense de Pediatr\u00eda, 2022 Gu\u00eda [&hellip;]<\/p>\n","protected":false},"author":1,"featured_media":0,"parent":0,"menu_order":0,"comment_status":"closed","ping_status":"closed","template":"","meta":{"_acf_changed":false,"footnotes":""},"class_list":["post-68","page","type-page","status-publish","hentry"],"acf":[],"yoast_head":"<!-- This site is optimized with the Yoast SEO plugin v27.0 - https:\/\/yoast.com\/product\/yoast-seo-wordpress\/ -->\n<title>Recursos - HEAL 5210 - ES<\/title>\n<meta name=\"robots\" content=\"index, follow, max-snippet:-1, max-image-preview:large, max-video-preview:-1\" \/>\n<link rel=\"canonical\" href=\"https:\/\/www.healnv.com\/es\/resources\/\" \/>\n<meta property=\"og:locale\" content=\"es_ES\" \/>\n<meta property=\"og:type\" content=\"article\" \/>\n<meta property=\"og:title\" content=\"Recursos - HEAL 5210 - ES\" \/>\n<meta property=\"og:description\" content=\"Proveedores de servicios m\u00e9dicos Gu\u00eda de implementaci\u00f3n del Nevada 5210para sitios de atenci\u00f3n m\u00e9dica Poster de Nevada 5210 Fundamentos Cient\u00edficos de Nevada 5210 Proceso de Trabajo de NV 5210 para Visitas de Control de Salud Infantil Cuestionario de H\u00e1bitos Saludables del Nevada 5210 Gu\u00eda de Pr\u00e1ctica Cl\u00ednica de la Academia Estadounidense de Pediatr\u00eda, 2022 Gu\u00eda [&hellip;]\" \/>\n<meta property=\"og:url\" content=\"https:\/\/www.healnv.com\/es\/resources\/\" \/>\n<meta property=\"og:site_name\" content=\"HEAL 5210 - ES\" \/>\n<meta property=\"article:modified_time\" content=\"2023-10-30T16:50:53+00:00\" \/>\n<meta name=\"twitter:card\" content=\"summary_large_image\" \/>\n<meta name=\"twitter:label1\" content=\"Tiempo de lectura\" \/>\n\t<meta name=\"twitter:data1\" content=\"1 minuto\" \/>\n<script type=\"application\/ld+json\" class=\"yoast-schema-graph\">{\"@context\":\"https:\/\/schema.org\",\"@graph\":[{\"@type\":\"WebPage\",\"@id\":\"https:\/\/www.healnv.com\/es\/resources\/\",\"url\":\"https:\/\/www.healnv.com\/es\/resources\/\",\"name\":\"Recursos - HEAL 5210 - ES\",\"isPartOf\":{\"@id\":\"https:\/\/www.healnv.com\/es\/#website\"},\"datePublished\":\"2023-05-22T16:35:32+00:00\",\"dateModified\":\"2023-10-30T16:50:53+00:00\",\"breadcrumb\":{\"@id\":\"https:\/\/www.healnv.com\/es\/resources\/#breadcrumb\"},\"inLanguage\":\"es\",\"potentialAction\":[{\"@type\":\"ReadAction\",\"target\":[\"https:\/\/www.healnv.com\/es\/resources\/\"]}]},{\"@type\":\"BreadcrumbList\",\"@id\":\"https:\/\/www.healnv.com\/es\/resources\/#breadcrumb\",\"itemListElement\":[{\"@type\":\"ListItem\",\"position\":1,\"name\":\"Home\",\"item\":\"https:\/\/www.healnv.com\/es\/\"},{\"@type\":\"ListItem\",\"position\":2,\"name\":\"Recursos\"}]},{\"@type\":\"WebSite\",\"@id\":\"https:\/\/www.healnv.com\/es\/#website\",\"url\":\"https:\/\/www.healnv.com\/es\/\",\"name\":\"HEAL 5210 - ES\",\"description\":\"\",\"potentialAction\":[{\"@type\":\"SearchAction\",\"target\":{\"@type\":\"EntryPoint\",\"urlTemplate\":\"https:\/\/www.healnv.com\/es\/?s={search_term_string}\"},\"query-input\":{\"@type\":\"PropertyValueSpecification\",\"valueRequired\":true,\"valueName\":\"search_term_string\"}}],\"inLanguage\":\"es\"}]}<\/script>\n<!-- \/ Yoast SEO plugin. -->","yoast_head_json":{"title":"Recursos - HEAL 5210 - ES","robots":{"index":"index","follow":"follow","max-snippet":"max-snippet:-1","max-image-preview":"max-image-preview:large","max-video-preview":"max-video-preview:-1"},"canonical":"https:\/\/www.healnv.com\/es\/resources\/","og_locale":"es_ES","og_type":"article","og_title":"Recursos - HEAL 5210 - ES","og_description":"Proveedores de servicios m\u00e9dicos Gu\u00eda de implementaci\u00f3n del Nevada 5210para sitios de atenci\u00f3n m\u00e9dica Poster de Nevada 5210 Fundamentos Cient\u00edficos de Nevada 5210 Proceso de Trabajo de NV 5210 para Visitas de Control de Salud Infantil Cuestionario de H\u00e1bitos Saludables del Nevada 5210 Gu\u00eda de Pr\u00e1ctica Cl\u00ednica de la Academia Estadounidense de Pediatr\u00eda, 2022 Gu\u00eda [&hellip;]","og_url":"https:\/\/www.healnv.com\/es\/resources\/","og_site_name":"HEAL 5210 - ES","article_modified_time":"2023-10-30T16:50:53+00:00","twitter_card":"summary_large_image","twitter_misc":{"Tiempo de lectura":"1 minuto"},"schema":{"@context":"https:\/\/schema.org","@graph":[{"@type":"WebPage","@id":"https:\/\/www.healnv.com\/es\/resources\/","url":"https:\/\/www.healnv.com\/es\/resources\/","name":"Recursos - HEAL 5210 - ES","isPartOf":{"@id":"https:\/\/www.healnv.com\/es\/#website"},"datePublished":"2023-05-22T16:35:32+00:00","dateModified":"2023-10-30T16:50:53+00:00","breadcrumb":{"@id":"https:\/\/www.healnv.com\/es\/resources\/#breadcrumb"},"inLanguage":"es","potentialAction":[{"@type":"ReadAction","target":["https:\/\/www.healnv.com\/es\/resources\/"]}]},{"@type":"BreadcrumbList","@id":"https:\/\/www.healnv.com\/es\/resources\/#breadcrumb","itemListElement":[{"@type":"ListItem","position":1,"name":"Home","item":"https:\/\/www.healnv.com\/es\/"},{"@type":"ListItem","position":2,"name":"Recursos"}]},{"@type":"WebSite","@id":"https:\/\/www.healnv.com\/es\/#website","url":"https:\/\/www.healnv.com\/es\/","name":"HEAL 5210 - ES","description":"","potentialAction":[{"@type":"SearchAction","target":{"@type":"EntryPoint","urlTemplate":"https:\/\/www.healnv.com\/es\/?s={search_term_string}"},"query-input":{"@type":"PropertyValueSpecification","valueRequired":true,"valueName":"search_term_string"}}],"inLanguage":"es"}]}},"_links":{"self":[{"href":"https:\/\/www.healnv.com\/es\/wp-json\/wp\/v2\/pages\/68","targetHints":{"allow":["GET"]}}],"collection":[{"href":"https:\/\/www.healnv.com\/es\/wp-json\/wp\/v2\/pages"}],"about":[{"href":"https:\/\/www.healnv.com\/es\/wp-json\/wp\/v2\/types\/page"}],"author":[{"embeddable":true,"href":"https:\/\/www.healnv.com\/es\/wp-json\/wp\/v2\/users\/1"}],"replies":[{"embeddable":true,"href":"https:\/\/www.healnv.com\/es\/wp-json\/wp\/v2\/comments?post=68"}],"version-history":[{"count":0,"href":"https:\/\/www.healnv.com\/es\/wp-json\/wp\/v2\/pages\/68\/revisions"}],"wp:attachment":[{"href":"https:\/\/www.healnv.com\/es\/wp-json\/wp\/v2\/media?parent=68"}],"curies":[{"name":"wp","href":"https:\/\/api.w.org\/{rel}","templated":true}]}}